{"id":1795,"date":"2025-02-19T16:55:19","date_gmt":"2025-02-19T15:55:19","guid":{"rendered":"https:\/\/atelier.perroquet.eu\/?page_id=1795"},"modified":"2025-07-09T10:11:57","modified_gmt":"2025-07-09T08:11:57","slug":"privacy-policy","status":"publish","type":"page","link":"https:\/\/www.g-met.fr\/en\/privacy-policy\/","title":{"rendered":"Privacy policy"},"content":{"rendered":"\t\t<div data-elementor-type=\"wp-page\" data-elementor-id=\"1795\" class=\"elementor elementor-1795\" data-elementor-post-type=\"page\">\n\t\t\t\t<div class=\"elementor-element elementor-element-a932968 e-flex e-con-boxed e-con e-parent\" data-id=\"a932968\" data-element_type=\"container\" data-e-type=\"container\">\n\t\t\t\t\t<div class=\"e-con-inner\">\n\t\t\t\t<div class=\"elementor-element elementor-element-b0e8ee6 elementor-widget elementor-widget-text-editor\" data-id=\"b0e8ee6\" data-element_type=\"widget\" data-e-type=\"widget\" data-widget_type=\"text-editor.default\">\n\t\t\t\t<div class=\"elementor-widget-container\">\n\t\t\t\t\t\t\t\t\t<h2 class=\"wp-block-heading\">Politique de confidentialit\u00e9 G-met<\/h2><p><!-- \/wp:heading --><!-- wp:paragraph {\"className\":\"\"} --><\/p><p>Vous trouverez ici la politique de confidentialit\u00e9 du site <strong>atelier.perroquet.eu<\/strong>.<\/p><p><!-- \/wp:paragraph --><!-- wp:heading {\"level\":3,\"className\":\"\"} --><\/p><h3 class=\"wp-block-heading\">Contexte<\/h3><p><!-- \/wp:heading --><!-- wp:paragraph {\"className\":\"\"} --><\/p><p>G-met souhaite informer ses clients et visiteurs sur la mani\u00e8re dont nous collectons, utilisons et prot\u00e9geons vos donn\u00e9es personnelles sur le site atelier.perroquet.eu. Nous respectons la vie priv\u00e9e de tous les utilisateurs et n\u2019utilisons vos donn\u00e9es que dans le cadre d\u00e9crit ci-apr\u00e8s, en conformit\u00e9 avec la loi \u00ab Informatique et Libert\u00e9s \u00bb et le RGPD.<\/p><p><!-- \/wp:paragraph --><!-- wp:heading {\"level\":3,\"className\":\"\"} --><\/p><h3 class=\"wp-block-heading\">Que couvre notre politique de confidentialit\u00e9 ?<\/h3><p><!-- \/wp:heading --><!-- wp:paragraph {\"className\":\"\"} --><\/p><p>Cette politique s\u2019applique \u00e0 l\u2019ensemble des services propos\u00e9s sur atelier.perroquet.eu (formulaires de contact, inscription \u00e0 la newsletter, demandes de devis, etc.).<\/p><p><!-- \/wp:paragraph --><!-- wp:heading {\"level\":3,\"className\":\"\"} --><\/p><h3 class=\"wp-block-heading\">Quelles informations collectons-nous ?<\/h3><p><!-- \/wp:heading --><!-- wp:paragraph {\"className\":\"\"} --><\/p><p>Nous pouvons \u00eatre amen\u00e9s \u00e0 collecter les cat\u00e9gories de donn\u00e9es personnelles suivantes:<\/p><p><!-- \/wp:paragraph --><!-- wp:list --><\/p><ul class=\"wp-block-list\"><li style=\"list-style-type: none;\"><ul class=\"wp-block-list\"><!-- wp:list-item --><\/ul><\/li><\/ul><ul class=\"wp-block-list\"><li style=\"list-style-type: none;\"><ul class=\"wp-block-list\"><li><strong>Identit\u00e9 et contact :<\/strong> nom, pr\u00e9nom, adresse e-mail.<\/li><\/ul><\/li><\/ul><p><!-- \/wp:list-item --><!-- wp:list-item --><\/p><ul class=\"wp-block-list\"><li style=\"list-style-type: none;\"><ul class=\"wp-block-list\"><li><strong>Informations de navigation :<\/strong> adresse IP, type de navigateur, pages visit\u00e9es, dur\u00e9e de visite.<\/li><\/ul><\/li><\/ul><p><!-- \/wp:list-item --><!-- wp:list-item --><\/p><ul class=\"wp-block-list\"><li style=\"list-style-type: none;\"><ul class=\"wp-block-list\"><li><strong>Donn\u00e9es de formulaire :<\/strong> contenu des messages que vous nous envoyez (demande de contact, commentaires\u2026).<\/li><\/ul><\/li><\/ul><p><!-- \/wp:list-item --><!-- wp:list-item --><\/p><ul class=\"wp-block-list\"><li style=\"list-style-type: none;\"><ul class=\"wp-block-list\"><li><strong>Cookies et traceurs :<\/strong> pour mesurer l\u2019audience et am\u00e9liorer votre exp\u00e9rience (voir section \u00ab Gestion des cookies \u00bb).<\/li><\/ul><\/li><\/ul><p><!-- \/wp:list-item --><\/p><p><!-- \/wp:list --><!-- wp:quote --><\/p><blockquote class=\"wp-block-quote\"><p><!-- wp:paragraph {\"className\":\"\"} --><\/p><p>Votre transmission de donn\u00e9es constitue votre consentement \u00e0 leur traitement selon les finalit\u00e9s d\u00e9crites ci-dessous.<\/p><p><!-- \/wp:paragraph --><\/p><\/blockquote><p><!-- \/wp:quote --><!-- wp:heading {\"level\":3,\"className\":\"\"} --><\/p><h3 class=\"wp-block-heading\">Comment utilisons-nous vos donn\u00e9es ?<\/h3><p><!-- \/wp:heading --><!-- wp:paragraph {\"className\":\"\"} --><\/p><p>Nous traitons vos donn\u00e9es sur l\u2019une des bases l\u00e9gales suivantes :<\/p><p><!-- \/wp:paragraph --><!-- wp:list --><\/p><ul class=\"wp-block-list\"><li style=\"list-style-type: none;\"><ul class=\"wp-block-list\"><!-- wp:list-item --><\/ul><\/li><\/ul><ul class=\"wp-block-list\"><li style=\"list-style-type: none;\"><ul class=\"wp-block-list\"><li><strong>Ex\u00e9cution d\u2019un contrat<\/strong> (par ex. traitement de votre demande de devis).<\/li><\/ul><\/li><\/ul><p><!-- \/wp:list-item --><!-- wp:list-item --><\/p><ul class=\"wp-block-list\"><li style=\"list-style-type: none;\"><ul class=\"wp-block-list\"><li><strong>Votre consentement<\/strong> (newsletter, cookies non essentiels).<\/li><\/ul><\/li><\/ul><p><!-- \/wp:list-item --><!-- wp:list-item --><\/p><ul class=\"wp-block-list\"><li style=\"list-style-type: none;\"><ul class=\"wp-block-list\"><li><strong>Int\u00e9r\u00eats l\u00e9gitimes<\/strong> de G-met (am\u00e9lioration du site, lutte contre la fraude).<\/li><\/ul><\/li><\/ul><p><!-- \/wp:list-item --><\/p><p><!-- \/wp:list --><!-- wp:heading {\"level\":4,\"className\":\"\"} --><\/p><h4 class=\"wp-block-heading\">Finalit\u00e9s principales<\/h4><p><!-- \/wp:heading --><!-- wp:list {\"ordered\":true} --><\/p><ol class=\"wp-block-list\"><li style=\"list-style-type: none;\"><ol class=\"wp-block-list\"><!-- wp:list-item --><\/ol><\/li><\/ol><ol class=\"wp-block-list\"><li style=\"list-style-type: none;\"><ol class=\"wp-block-list\"><li><strong>Gestion des demandes<\/strong> : r\u00e9pondre \u00e0 vos questions et traiter vos commandes ou devis.<\/li><\/ol><\/li><\/ol><p><!-- \/wp:list-item --><!-- wp:list-item --><\/p><ol class=\"wp-block-list\"><li style=\"list-style-type: none;\"><ol class=\"wp-block-list\"><li><strong>Marketing et communication<\/strong> (avec votre consentement) : envoi d\u2019e-mails d\u2019information ou de promotions.<\/li><\/ol><\/li><\/ol><p><!-- \/wp:list-item --><!-- wp:list-item --><\/p><ol class=\"wp-block-list\"><li style=\"list-style-type: none;\"><ol class=\"wp-block-list\"><li><strong>Analyse et statistiques<\/strong> : am\u00e9liorer le site et l\u2019exp\u00e9rience utilisateur.<\/li><\/ol><\/li><\/ol><p><!-- \/wp:list-item --><!-- wp:list-item --><\/p><ol class=\"wp-block-list\"><li style=\"list-style-type: none;\"><ol class=\"wp-block-list\"><li><strong>Obligations l\u00e9gales<\/strong> : conserver des preuves de vos transactions et r\u00e9pondre aux autorit\u00e9s comp\u00e9tentes.<\/li><\/ol><\/li><\/ol><p><!-- \/wp:list-item --><\/p><p><!-- \/wp:list --><!-- wp:heading {\"level\":3,\"className\":\"\"} --><\/p><h3 class=\"wp-block-heading\">De quelles sources obtenons-nous vos informations ?<\/h3><p><!-- \/wp:heading --><!-- wp:list --><\/p><ul class=\"wp-block-list\"><li style=\"list-style-type: none;\"><ul class=\"wp-block-list\"><!-- wp:list-item --><\/ul><\/li><\/ul><ul class=\"wp-block-list\"><li style=\"list-style-type: none;\"><ul class=\"wp-block-list\"><li>Directement <strong>via les formulaires<\/strong> du site ou vos \u00e9changes par e-mail.<\/li><\/ul><\/li><\/ul><p><!-- \/wp:list-item --><!-- wp:list-item --><\/p><ul class=\"wp-block-list\"><li style=\"list-style-type: none;\"><ul class=\"wp-block-list\"><li>Par l\u2019interm\u00e9diaire de <strong>cookies<\/strong> et autres traceurs (Google Analytics, etc.).<\/li><\/ul><\/li><\/ul><p><!-- \/wp:list-item --><!-- wp:list-item --><\/p><ul class=\"wp-block-list\"><li style=\"list-style-type: none;\"><ul class=\"wp-block-list\"><li><strong>Tierces parties<\/strong> : si vous utilisez un service connect\u00e9 (ex. authentification via un r\u00e9seau social).<\/li><\/ul><\/li><\/ul><p><!-- \/wp:list-item --><\/p><p><!-- \/wp:list --><!-- wp:heading {\"level\":3,\"className\":\"\"} --><\/p><h3 class=\"wp-block-heading\">Qui a acc\u00e8s \u00e0 vos donn\u00e9es et o\u00f9 sont-elles h\u00e9berg\u00e9es ?<\/h3><p><!-- \/wp:heading --><!-- wp:list --><\/p><ul class=\"wp-block-list\"><li style=\"list-style-type: none;\"><ul class=\"wp-block-list\"><!-- wp:list-item --><\/ul><\/li><\/ul><ul class=\"wp-block-list\"><li style=\"list-style-type: none;\"><ul class=\"wp-block-list\"><li><strong>Les \u00e9quipes de G-met <\/strong>(marketing, support technique).<\/li><\/ul><\/li><\/ul><p><!-- \/wp:list-item --><!-- wp:list-item --><\/p><ul class=\"wp-block-list\"><li style=\"list-style-type: none;\"><ul class=\"wp-block-list\"><li><strong>Prestataires techniques<\/strong> (h\u00e9bergeur, solutions d\u2019e-mailing), sous contrat de confidentialit\u00e9.<\/li><\/ul><\/li><\/ul><p><!-- \/wp:list-item --><!-- wp:list-item --><\/p><ul class=\"wp-block-list\"><li style=\"list-style-type: none;\"><ul class=\"wp-block-list\"><li><strong>Autorit\u00e9s comp\u00e9tentes<\/strong>, si la loi l\u2019exige.<\/li><\/ul><\/li><\/ul><p><!-- \/wp:list-item --><\/p><p><!-- \/wp:list --><!-- wp:paragraph {\"className\":\"\"} --><\/p><p>Vos donn\u00e9es sont h\u00e9berg\u00e9es dans l\u2019Union Europ\u00e9enne, chez [Nom de l\u2019h\u00e9bergeur], et prot\u00e9g\u00e9es par des mesures techniques et organisationnelles conformes au RGPD.<\/p><p><!-- \/wp:paragraph --><!-- wp:heading {\"level\":3,\"className\":\"\"} --><\/p><h3 class=\"wp-block-heading\">Dur\u00e9e de conservation<\/h3><p><!-- \/wp:heading --><!-- wp:list --><\/p><ul class=\"wp-block-list\"><li style=\"list-style-type: none;\"><ul class=\"wp-block-list\"><!-- wp:list-item --><\/ul><\/li><\/ul><ul class=\"wp-block-list\"><li style=\"list-style-type: none;\"><ul class=\"wp-block-list\"><li><strong>Donn\u00e9es de contact et de formulaire<\/strong> : 3 ans \u00e0 compter de votre dernier \u00e9change.<\/li><\/ul><\/li><\/ul><p><!-- \/wp:list-item --><!-- wp:list-item --><\/p><ul class=\"wp-block-list\"><li style=\"list-style-type: none;\"><ul class=\"wp-block-list\"><li><strong>Cookies et journaux de connexion<\/strong> : jusqu\u2019\u00e0 13 mois (ou selon la dur\u00e9e pr\u00e9vue par le traceur).<\/li><\/ul><\/li><\/ul><p><!-- \/wp:list-item --><!-- wp:list-item --><\/p><ul class=\"wp-block-list\"><li style=\"list-style-type: none;\"><ul class=\"wp-block-list\"><li><strong>Donn\u00e9es li\u00e9es \u00e0 un contrat<\/strong> : 5 ans conform\u00e9ment aux obligations l\u00e9gales.<\/li><\/ul><\/li><\/ul><p><!-- \/wp:list-item --><\/p><p><!-- \/wp:list --><!-- wp:heading {\"level\":3,\"className\":\"\"} --><\/p><h3 class=\"wp-block-heading\">S\u00e9curit\u00e9<\/h3><p><!-- \/wp:heading --><!-- wp:paragraph {\"className\":\"\"} --><\/p><p>Nous mettons en place des mesures de s\u00e9curit\u00e9 (cryptage SSL, gestion des acc\u00e8s, sauvegardes r\u00e9guli\u00e8res) pour prot\u00e9ger vos donn\u00e9es contre toute perte, divulgation ou acc\u00e8s non autoris\u00e9.<\/p><p><!-- \/wp:paragraph --><!-- wp:heading {\"level\":3,\"className\":\"\"} --><\/p><h3 class=\"wp-block-heading\">Vos droits<\/h3><p><!-- \/wp:heading --><!-- wp:paragraph {\"className\":\"\"} --><\/p><p>Conform\u00e9ment au RGPD, vous disposez des droits suivants :<\/p><p><!-- \/wp:paragraph --><!-- wp:list --><\/p><ul class=\"wp-block-list\"><li style=\"list-style-type: none;\"><ul class=\"wp-block-list\"><!-- wp:list-item --><\/ul><\/li><\/ul><ul class=\"wp-block-list\"><li style=\"list-style-type: none;\"><ul class=\"wp-block-list\"><li><strong>Droit d\u2019acc\u00e8s<\/strong> : obtenir la copie de vos donn\u00e9es.<\/li><\/ul><\/li><\/ul><p><!-- \/wp:list-item --><!-- wp:list-item --><\/p><ul class=\"wp-block-list\"><li style=\"list-style-type: none;\"><ul class=\"wp-block-list\"><li><strong>Droit de rectification<\/strong> : corriger vos informations inexactes.<\/li><\/ul><\/li><\/ul><p><!-- \/wp:list-item --><!-- wp:list-item --><\/p><ul class=\"wp-block-list\"><li style=\"list-style-type: none;\"><ul class=\"wp-block-list\"><li><strong>Droit \u00e0 l\u2019effacement<\/strong> : demander la suppression de vos donn\u00e9es.<\/li><\/ul><\/li><\/ul><p><!-- \/wp:list-item --><!-- wp:list-item --><\/p><ul class=\"wp-block-list\"><li style=\"list-style-type: none;\"><ul class=\"wp-block-list\"><li><strong>Droit \u00e0 la limitation<\/strong> : restreindre temporairement l\u2019utilisation de vos donn\u00e9es.<\/li><\/ul><\/li><\/ul><p><!-- \/wp:list-item --><!-- wp:list-item --><\/p><ul class=\"wp-block-list\"><li style=\"list-style-type: none;\"><ul class=\"wp-block-list\"><li><strong>Droit \u00e0 la portabilit\u00e9<\/strong> : recevoir vos donn\u00e9es dans un format structur\u00e9.<\/li><\/ul><\/li><\/ul><p><!-- \/wp:list-item --><!-- wp:list-item --><\/p><ul class=\"wp-block-list\"><li style=\"list-style-type: none;\"><ul class=\"wp-block-list\"><li><strong>Droit d\u2019opposition<\/strong> : vous opposer au traitement de vos donn\u00e9es (publicit\u00e9, profilage).<\/li><\/ul><\/li><\/ul><p><!-- \/wp:list-item --><!-- wp:list-item --><\/p><ul class=\"wp-block-list\"><li style=\"list-style-type: none;\"><ul class=\"wp-block-list\"><li><strong>Retrait du consentement<\/strong> (lorsqu\u2019il s\u2019agit d\u2019un traitement fond\u00e9 sur votre consentement).<\/li><\/ul><\/li><\/ul><p><!-- \/wp:list-item --><\/p><p><!-- \/wp:list --><!-- wp:paragraph {\"className\":\"\"} --><\/p><p>Pour exercer vos droits, contactez-nous \u00e0 :<\/p><p><!-- \/wp:paragraph --><!-- wp:quote --><\/p><blockquote class=\"wp-block-quote\"><p><!-- wp:paragraph {\"className\":\"\"} --><\/p><p>G-met<br \/>E-mail :\u00a0<br \/>Adresse :\u00a0<\/p><p><!-- \/wp:paragraph --><\/p><\/blockquote><p><!-- \/wp:quote --><!-- wp:paragraph {\"className\":\"\"} --><\/p><p>Vous pouvez \u00e9galement introduire une r\u00e9clamation aupr\u00e8s de la CNIL (<a class=\"\" href=\"https:\/\/www.cnil.fr\" target=\"_blank\" rel=\"noopener\">https:\/\/www.cnil.fr<\/a>).<\/p><p><!-- \/wp:paragraph --><!-- wp:heading {\"level\":3,\"className\":\"\"} --><\/p><h3 class=\"wp-block-heading\">Partage de donn\u00e9es<\/h3><p><!-- \/wp:heading --><!-- wp:paragraph {\"className\":\"\"} --><\/p><p>Nous ne partageons vos donn\u00e9es qu\u2019avec votre consentement ou pour r\u00e9pondre \u00e0 une obligation l\u00e9gale. Aucune cession \u00e0 des tiers \u00e0 des fins commerciales n\u2019est effectu\u00e9e sans votre accord pr\u00e9alable.<\/p><p><!-- \/wp:paragraph --><!-- wp:heading {\"level\":3,\"className\":\"\"} --><\/p><h3 class=\"wp-block-heading\">Gestion des cookies<\/h3><p><!-- \/wp:heading --><!-- wp:paragraph {\"className\":\"\"} --><\/p><p>\u00c0 votre premi\u00e8re visite, un bandeau vous permet d\u2019accepter ou de refuser les cookies non essentiels. Vous pouvez \u00e0 tout moment modifier vos pr\u00e9f\u00e9rences via le lien \u00ab G\u00e9rer les cookies \u00bb en bas de page.<\/p><p><!-- \/wp:paragraph --><!-- wp:heading {\"level\":3,\"className\":\"\"} --><\/p><h3 class=\"wp-block-heading\">Modifications de la politique<\/h3><p><!-- \/wp:heading --><!-- wp:paragraph {\"className\":\"\"} --><\/p><p>Nous nous r\u00e9servons le droit d\u2019actualiser cette politique (ex. suite \u00e0 un changement l\u00e9gislatif). Toute modification sera publi\u00e9e sur cette page avec la date de mise \u00e0 jour.<\/p><p><!-- \/wp:paragraph --><!-- wp:quote --><\/p><blockquote class=\"wp-block-quote\"><p><!-- wp:paragraph {\"className\":\"\"} --><\/p><p><strong>Derni\u00e8re mise \u00e0 jour :<\/strong> 28 avril 2025<\/p><p><!-- \/wp:paragraph --><\/p><\/blockquote><p><!-- \/wp:quote --><!-- wp:paragraph --><\/p><p><!-- \/wp:paragraph --><\/p>\t\t\t\t\t\t\t\t<\/div>\n\t\t\t\t<\/div>\n\t\t\t\t\t<\/div>\n\t\t\t\t<\/div>\n\t\t\t\t<\/div>\n\t\t","protected":false},"excerpt":{"rendered":"<p>Politique de confidentialit\u00e9 G-met Vous trouverez ici la politique de confidentialit\u00e9 du site atelier.perroquet.eu. Contexte G-met souhaite informer ses clients et visiteurs sur la mani\u00e8re dont nous collectons, utilisons et prot\u00e9geons vos donn\u00e9es personnelles sur le site atelier.perroquet.eu. Nous respectons la vie priv\u00e9e de tous les utilisateurs et n\u2019utilisons vos donn\u00e9es que dans le cadre [&hellip;]<\/p>\n","protected":false},"author":1,"featured_media":0,"parent":0,"menu_order":0,"comment_status":"closed","ping_status":"closed","template":"","meta":{"_acf_changed":false,"footnotes":""},"class_list":["post-1795","page","type-page","status-publish","hentry"],"acf":[],"_links":{"self":[{"href":"https:\/\/www.g-met.fr\/en\/wp-json\/wp\/v2\/pages\/1795","targetHints":{"allow":["GET"]}}],"collection":[{"href":"https:\/\/www.g-met.fr\/en\/wp-json\/wp\/v2\/pages"}],"about":[{"href":"https:\/\/www.g-met.fr\/en\/wp-json\/wp\/v2\/types\/page"}],"author":[{"embeddable":true,"href":"https:\/\/www.g-met.fr\/en\/wp-json\/wp\/v2\/users\/1"}],"replies":[{"embeddable":true,"href":"https:\/\/www.g-met.fr\/en\/wp-json\/wp\/v2\/comments?post=1795"}],"version-history":[{"count":25,"href":"https:\/\/www.g-met.fr\/en\/wp-json\/wp\/v2\/pages\/1795\/revisions"}],"predecessor-version":[{"id":4552,"href":"https:\/\/www.g-met.fr\/en\/wp-json\/wp\/v2\/pages\/1795\/revisions\/4552"}],"wp:attachment":[{"href":"https:\/\/www.g-met.fr\/en\/wp-json\/wp\/v2\/media?parent=1795"}],"curies":[{"name":"wp","href":"https:\/\/api.w.org\/{rel}","templated":true}]}}